{"id":988,"date":"2022-08-18T15:49:20","date_gmt":"2022-08-18T18:49:20","guid":{"rendered":"https:\/\/dirgrad.dv.utfpr.edu.br\/site\/?page_id=988"},"modified":"2025-04-02T14:42:22","modified_gmt":"2025-04-02T17:42:22","slug":"lista-de-ramais","status":"publish","type":"page","link":"https:\/\/dirgrad.dv.utfpr.edu.br\/site\/lista-de-ramais\/","title":{"rendered":"Lista de Ramais"},"content":{"rendered":"\n<p>\u00daltima atualiza\u00e7\u00e3o: Abril de 2025<\/p>\n\n\n\n<div class=\"wp-block-file\"><object class=\"wp-block-file__embed\" data=\"https:\/\/dirgrad.dv.utfpr.edu.br\/site\/wp-content\/uploads\/2025\/04\/ramais-abril-2025.pdf\" type=\"application\/pdf\" style=\"width:100%;height:600px\" aria-label=\"Incorporado de ramais-abril-2025.\"><\/object><a href=\"https:\/\/dirgrad.dv.utfpr.edu.br\/site\/wp-content\/uploads\/2025\/04\/ramais-abril-2025.pdf\">ramais-abril-2025<\/a><a href=\"https:\/\/dirgrad.dv.utfpr.edu.br\/site\/wp-content\/uploads\/2025\/04\/ramais-abril-2025.pdf\" class=\"wp-block-file__button\" download>Baixar<\/a><\/div>\n","protected":false},"excerpt":{"rendered":"<p>\u00daltima atualiza\u00e7\u00e3o: Abril de 2025<\/p>\n","protected":false},"author":3,"featured_media":0,"parent":0,"menu_order":0,"comment_status":"closed","ping_status":"closed","template":"","meta":[],"_links":{"self":[{"href":"https:\/\/dirgrad.dv.utfpr.edu.br\/site\/wp-json\/wp\/v2\/pages\/988"}],"collection":[{"href":"https:\/\/dirgrad.dv.utfpr.edu.br\/site\/wp-json\/wp\/v2\/pages"}],"about":[{"href":"https:\/\/dirgrad.dv.utfpr.edu.br\/site\/wp-json\/wp\/v2\/types\/page"}],"author":[{"embeddable":true,"href":"https:\/\/dirgrad.dv.utfpr.edu.br\/site\/wp-json\/wp\/v2\/users\/3"}],"replies":[{"embeddable":true,"href":"https:\/\/dirgrad.dv.utfpr.edu.br\/site\/wp-json\/wp\/v2\/comments?post=988"}],"version-history":[{"count":31,"href":"https:\/\/dirgrad.dv.utfpr.edu.br\/site\/wp-json\/wp\/v2\/pages\/988\/revisions"}],"predecessor-version":[{"id":2317,"href":"https:\/\/dirgrad.dv.utfpr.edu.br\/site\/wp-json\/wp\/v2\/pages\/988\/revisions\/2317"}],"wp:attachment":[{"href":"https:\/\/dirgrad.dv.utfpr.edu.br\/site\/wp-json\/wp\/v2\/media?parent=988"}],"curies":[{"name":"wp","href":"https:\/\/api.w.org\/{rel}","templated":true}]}}