{"id":88,"date":"2021-11-27T13:52:49","date_gmt":"2021-11-27T16:52:49","guid":{"rendered":"https:\/\/coens.dv.utfpr.edu.br\/dirppg\/?page_id=88"},"modified":"2024-12-11T16:00:43","modified_gmt":"2024-12-11T19:00:43","slug":"regulamentos","status":"publish","type":"page","link":"https:\/\/dirgrad.dv.utfpr.edu.br\/site\/regulamentos\/","title":{"rendered":"Regulamentos"},"content":{"rendered":"\n<h2>Regulamentos gerais (PROGRAD)<\/h2>\n\n\n\n<p>Para regulamentos gerais da UTFPR clique <a rel=\"noreferrer noopener\" href=\"https:\/\/portal.utfpr.edu.br\/documentos\/graduacao-e-educacao-profissional\/prograd\/diretrizes-e-regulamentos\" data-type=\"URL\" data-id=\"https:\/\/portal.utfpr.edu.br\/documentos\/graduacao-e-educacao-profissional\/prograd\/diretrizes-e-regulamentos\" target=\"_blank\">aqui<\/a><\/p>\n\n\n\n<p><a href=\"https:\/\/sei.utfpr.edu.br\/sei\/publicacoes\/controlador_publicacoes.php?acao=publicacao_visualizar&amp;id_documento=4848226&amp;id_orgao_publicacao=0\" target=\"_blank\" rel=\"noreferrer noopener\"><strong>REGULAMENTO SOBRE O PROGRAMA DE PROJETOS DE ENSINO DA UTFPR<\/strong><\/a> (Aprovado pela Resolu\u00e7\u00e3o COGEP\/UTFPR N\u00ba 597, de 23 de setembro de 2024)<\/p>\n\n\n\n<p><a href=\"https:\/\/sei.utfpr.edu.br\/sei\/publicacoes\/controlador_publicacoes.php?acao=publicacao_visualizar&amp;id_documento=1356884&amp;id_orgao_publicacao=0\" target=\"_blank\" rel=\"noreferrer noopener\"><strong>RESOLU\u00c7\u00c3O N\u00ba84\/2017\/2019 &#8211; COGEP (Retificada em 05 de dezembro de 2019) . Regulamenta as atividades de antecipa\u00e7\u00e3o, substitui\u00e7\u00e3o e reposi\u00e7\u00e3o nos cursos de n\u00edvel m\u00e9dio e gradua\u00e7\u00e3o da UTFPR<\/strong><\/a><\/p>\n\n\n\n<p><a href=\"https:\/\/sei.utfpr.edu.br\/sei\/publicacoes\/controlador_publicacoes.php?acao=publicacao_visualizar&amp;id_documento=4309557&amp;id_orgao_publicacao=0\" data-type=\"URL\" target=\"_blank\" rel=\"noreferrer noopener\"><strong>OF\u00cdCIO CIRCULAR N\u00ba 5\/2023 &#8211; PROGRAD\/REITORIA de 26 de dezembro de 2023 &#8211; DISP\u00d5E SOBRE A  ABERTURA E OPERA\u00c7\u00c3O DAS TURMAS PARA O ANO DE 2024.<\/strong><\/a><\/p>\n\n\n\n<p><strong><a rel=\"noreferrer noopener\" href=\"https:\/\/sei.utfpr.edu.br\/sei\/publicacoes\/controlador_publicacoes.php?acao=publicacao_visualizar&amp;id_documento=3179550&amp;id_orgao_publicacao=0\" target=\"_blank\">REGULAMENTO SOBRE A OFERTA DE CURSOS DE GRADUA\u00c7\u00c3O NA MODALIDADE DE EDUCA\u00c7\u00c3O A DIST\u00c2NCIA (EaD)<\/a> <\/strong>(Aprovado pela Resolu\u00e7\u00e3o N\u00ba 181\/2022 &#8211; COGEP, de 9 de agosto de 2022).<\/p>\n\n\n\n<p><a href=\"https:\/\/sei.utfpr.edu.br\/sei\/publicacoes\/controlador_publicacoes.php?acao=publicacao_visualizar&amp;id_documento=653606&amp;id_orgao_publicacao=0\" target=\"_blank\" rel=\"noreferrer noopener\"><strong>REGULAMENTO SOBRE A OFERTA DE TURMAS DE F\u00c9RIAS PARA DISCIPLINAS REGULARES DOS CURSOS DE GRADUA\u00c7\u00c3O DA UTFPR<\/strong><\/a> (Aprovado pela Resolu\u00e7\u00e3o n\u00ba 89\/2018 &#8211; COGEP, de 30 de novembro de 2018)<\/p>\n\n\n\n<p><strong><a rel=\"noreferrer noopener\" href=\"https:\/\/sei.utfpr.edu.br\/sei\/publicacoes\/controlador_publicacoes.php?acao=publicacao_visualizar&amp;id_documento=3171226&amp;id_orgao_publicacao=0\" target=\"_blank\">REGULAMENTO SOBRE O TRABALHO DE CONCLUS\u00c3O DE CURSOS DE GRADUA\u00c7<\/a><\/strong><a rel=\"noreferrer noopener\" href=\"https:\/\/sei.utfpr.edu.br\/sei\/publicacoes\/controlador_publicacoes.php?acao=publicacao_visualizar&amp;id_documento=3171226&amp;id_orgao_publicacao=0\" target=\"_blank\"><strong>\u00c3O<\/strong><\/a> (Aprovado pela Resolu\u00e7\u00e3o N\u00ba 180\/2022 &#8211; COGEP, de 5 de agosto de 2022).<\/p>\n\n\n\n<p><strong><a rel=\"noreferrer noopener\" href=\"https:\/\/sei.utfpr.edu.br\/sei\/publicacoes\/controlador_publicacoes.php?acao=publicacao_visualizar&amp;id_documento=3167866&amp;id_orgao_publicacao=0\" target=\"_blank\">REGULAMENTO DE ATIVID<\/a><\/strong><a rel=\"noreferrer noopener\" href=\"https:\/\/sei.utfpr.edu.br\/sei\/publicacoes\/controlador_publicacoes.php?acao=publicacao_visualizar&amp;id_documento=3167866&amp;id_orgao_publicacao=0\" target=\"_blank\"><strong>ADES COMPLEMENTARES<\/strong><\/a> (Aprovado pela Resolu\u00e7\u00e3o N\u00ba 179\/2022 &#8211; COGEP, de 4 de agosto de 2022).<\/p>\n\n\n\n<p><a rel=\"noreferrer noopener\" href=\"https:\/\/sei.utfpr.edu.br\/sei\/publicacoes\/controlador_publicacoes.php?acao=publicacao_visualizar&amp;id_documento=3051045&amp;id_orgao_publicacao=0\" data-type=\"URL\" data-id=\"https:\/\/sei.utfpr.edu.br\/sei\/publicacoes\/controlador_publicacoes.php?acao=publicacao_visualizar&amp;id_documento=3051045&amp;id_orgao_publicacao=0\" target=\"_blank\"><strong>REGULAMENTO SOBRE O ACOMPANHAMENTO DE DISCENTES COM NECESSIDADES EDUCACIONAIS ESPEC\u00cdFICAS<\/strong><\/a> (Aprovada pela Instru\u00e7\u00e3o Normativa PROGRAD\/ASSAE\/UTFPR 23, de 13 de junho de 2022).<\/p>\n\n\n\n<p><strong><a rel=\"noreferrer noopener\" href=\"https:\/\/sei.utfpr.edu.br\/sei\/publicacoes\/controlador_publicacoes.php?acao=publicacao_visualizar&amp;id_documento=3080123&amp;id_orgao_publicacao=0\" target=\"_blank\">REGULAMENTO DAS ATIVIDADES ACAD\u00caMICAS DE EXTENS\u00c3O<\/a> <\/strong>(Aprovado pela Resolu\u00e7\u00e3o N\u00ba 167\/2022 &#8211; COGEP, de 24 de junho de 2022).<\/p>\n\n\n\n<p><strong><a rel=\"noreferrer noopener\" href=\"https:\/\/sei.utfpr.edu.br\/sei\/publicacoes\/controlador_publicacoes.php?acao=publicacao_visualizar&amp;id_documento=4019206&amp;id_orgao_publicacao=0\" target=\"_blank\">REGULAMENTO SOBRE CONVALIDA\u00c7\u00c3O DE UNIDADES CURRICULARES EXTENSIONISTAS<\/a><\/strong> (Aprovado pela Instru\u00e7\u00e3o Normativa PROGRAD\/UTFPR n\u00ba 33, de 29 de setembro de 2023).<\/p>\n\n\n\n<p><strong><a href=\"https:\/\/sei.utfpr.edu.br\/sei\/publicacoes\/controlador_publicacoes.php?acao=publicacao_visualizar&amp;id_documento=2564562&amp;id_orgao_publicacao=0\" data-type=\"URL\" data-id=\"https:\/\/sei.utfpr.edu.br\/sei\/publicacoes\/controlador_publicacoes.php?acao=publicacao_visualizar&amp;id_documento=2564562&amp;id_orgao_publicacao=0\" target=\"_blank\" rel=\"noreferrer noopener\">REGULAMENTO PARA AS ATIVIDADES ACOMPANHADAS, O ABONO DE FALTAS, A COMPENSA\u00c7\u00c3O DE FALTAS, A COMPENSA\u00c7\u00c3O DE FALTAS POR MOTIVOS RELIGIOSOS, AS DISPENSAS DE FREQU\u00caNCIA E O LAN\u00c7AMENTO DE FALTAS<\/a><\/strong> (Aprovado pela Resolu\u00e7\u00e3o COGEP\/UTFPR N\u00ba 110, de 19 de outubro de 2021).<\/p>\n\n\n\n<p><a href=\"https:\/\/sei.utfpr.edu.br\/sei\/publicacoes\/controlador_publicacoes.php?acao=publicacao_visualizar&amp;id_documento=1740259&amp;id_orgao_publicacao=0\"><strong>REGULAMENTO DISCIPLINAR DISCENTE DA UTFPR<\/strong><\/a> (Aprovado pela Resolu\u00e7\u00e3o N\u00ba 39\/2020 &#8211; COGEP, de 20 de agosto de 2020).<\/p>\n\n\n\n<p><strong><a rel=\"noreferrer noopener\" href=\"https:\/\/sei.utfpr.edu.br\/sei\/publicacoes\/controlador_publicacoes.php?acao=publicacao_visualizar&amp;id_documento=1033898&amp;id_orgao_publicacao=0\" data-type=\"URL\" data-id=\"https:\/\/sei.utfpr.edu.br\/sei\/publicacoes\/controlador_publicacoes.php?acao=publicacao_visualizar&amp;id_documento=1033898&amp;id_orgao_publicacao=0\" target=\"_blank\">REGULAMENTO DA ORGANIZA\u00c7\u00c3O DID\u00c1TICO-PEDAG\u00d3GICA DOS CURSOS DE GRADUA\u00c7\u00c3O<\/a><\/strong> (Aprovado pela Resolu\u00e7\u00e3o n\u00ba 81\/2019 &#8211; COGEP, de 26 de julho de 2019).<\/p>\n\n\n\n<p><strong><a href=\"https:\/\/sei.utfpr.edu.br\/sei\/publicacoes\/controlador_publicacoes.php?acao=publicacao_visualizar&amp;id_documento=1363071&amp;id_orgao_publicacao=0\" target=\"_blank\" rel=\"noreferrer noopener\">REGULAMENTO SOBRE A ESCOLHA DE COORDENADORES DE CURSO DOS CURSOS DE GRADUA\u00c7\u00c3O DA UTFPR<\/a> <\/strong>(Aprovado pela Resolu\u00e7\u00e3o n\u00ba 145\/2019 &#8211; COGEP, de 06 de dezembro de 2019).<\/p>\n\n\n\n<h2>Regulamentos DIRGRAD-DV<\/h2>\n\n\n\n<p><strong><a rel=\"noreferrer noopener\" href=\"https:\/\/sei.utfpr.edu.br\/sei\/publicacoes\/controlador_publicacoes.php?acao=publicacao_visualizar&amp;id_documento=3197603&amp;id_orgao_publicacao=0\" data-type=\"URL\" data-id=\"https:\/\/sei.utfpr.edu.br\/sei\/publicacoes\/controlador_publicacoes.php?acao=publicacao_visualizar&amp;id_documento=3197603&amp;id_orgao_publicacao=0\" target=\"_blank\">REGULAMENTO SOBRE O CONTROLE E ACOMPANHAMENTO DOS PRODUTOS QU\u00cdMICOS CONTROLADOS (PQC)<\/a> (<\/strong>INSTRU\u00c7\u00c3O NORMATIVA&nbsp;GADIR-DV\/UTFPR&nbsp;n\u00ba 5, de &nbsp;16 de agosto de 2022)<\/p>\n\n\n\n<p><strong><a href=\"https:\/\/sei.utfpr.edu.br\/sei\/publicacoes\/controlador_publicacoes.php?acao=publicacao_visualizar&amp;id_documento=2587697&amp;id_orgao_publicacao=0\" data-type=\"URL\" data-id=\"https:\/\/sei.utfpr.edu.br\/sei\/publicacoes\/controlador_publicacoes.php?acao=publicacao_visualizar&amp;id_documento=2587697&amp;id_orgao_publicacao=0\">INSTRU\u00c7\u00c3O NORMATIVA&nbsp;DIRGRAD-DV\/UTFPR&nbsp;n\u00ba 2, de&nbsp; 05&nbsp;de novembro&nbsp;de 2021<\/a>&nbsp;<\/strong>&#8211; Disp\u00f5e sobre as regras de uso dos laborat\u00f3rio de ensino e unidades de ensino e pesquisa (Unepes) da Universidade Tecnol\u00f3gica Federal do Paran\u00e1, Campus&nbsp;Dois Vizinhos.<\/p>\n","protected":false},"excerpt":{"rendered":"<p>Regulamentos gerais (PROGRAD) Para regulamentos gerais da UTFPR clique aqui REGULAMENTO SOBRE O PROGRAMA DE PROJETOS DE ENSINO DA UTFPR &hellip; <\/p>\n","protected":false},"author":3,"featured_media":0,"parent":0,"menu_order":0,"comment_status":"closed","ping_status":"closed","template":"","meta":[],"_links":{"self":[{"href":"https:\/\/dirgrad.dv.utfpr.edu.br\/site\/wp-json\/wp\/v2\/pages\/88"}],"collection":[{"href":"https:\/\/dirgrad.dv.utfpr.edu.br\/site\/wp-json\/wp\/v2\/pages"}],"about":[{"href":"https:\/\/dirgrad.dv.utfpr.edu.br\/site\/wp-json\/wp\/v2\/types\/page"}],"author":[{"embeddable":true,"href":"https:\/\/dirgrad.dv.utfpr.edu.br\/site\/wp-json\/wp\/v2\/users\/3"}],"replies":[{"embeddable":true,"href":"https:\/\/dirgrad.dv.utfpr.edu.br\/site\/wp-json\/wp\/v2\/comments?post=88"}],"version-history":[{"count":28,"href":"https:\/\/dirgrad.dv.utfpr.edu.br\/site\/wp-json\/wp\/v2\/pages\/88\/revisions"}],"predecessor-version":[{"id":2213,"href":"https:\/\/dirgrad.dv.utfpr.edu.br\/site\/wp-json\/wp\/v2\/pages\/88\/revisions\/2213"}],"wp:attachment":[{"href":"https:\/\/dirgrad.dv.utfpr.edu.br\/site\/wp-json\/wp\/v2\/media?parent=88"}],"curies":[{"name":"wp","href":"https:\/\/api.w.org\/{rel}","templated":true}]}}