{"id":599,"date":"2022-05-22T22:14:50","date_gmt":"2022-05-23T01:14:50","guid":{"rendered":"https:\/\/localhost\/site\/?page_id=599"},"modified":"2022-09-09T14:34:23","modified_gmt":"2022-09-09T17:34:23","slug":"unepes","status":"publish","type":"page","link":"https:\/\/dirgrad.dv.utfpr.edu.br\/site\/unepes\/","title":{"rendered":"FAZENDA EXPERIMENTAL"},"content":{"rendered":"\n<div class=\"wp-block-columns\">\n<div class=\"wp-block-column\" style=\"flex-basis:66.66%\">\n<p>A <strong>Esta\u00e7\u00e3o Experimental da UTFPR\/DV \u00e9 um grande diferencial <\/strong>para forma\u00e7\u00e3o de recursos humanos nas \u00e1reas das ci\u00eancias agr\u00e1rias por otimizar as rela\u00e7\u00f5es entre ensino, pesquisa, extens\u00e3o e inova\u00e7\u00e3o. A esta\u00e7\u00e3o experimental conta com o trabalho dedicado de sete servidores efetivos: 1 assistente em administra\u00e7\u00e3o, 2 agr\u00f4nomos, 2 zootecnistas, 1 veterin\u00e1rio e 2 t\u00e9cnicos em agropecu\u00e1ria, al\u00e9m de seis servidores terceirizados: 2 tratoristas, 2 tratadores de animais e 2 auxiliares de servi\u00e7os gerais que fazem parte da Coordena\u00e7\u00e3o da esta\u00e7\u00e3o experimental (COEXP). Estes servidores trabalham na gest\u00e3o, organiza\u00e7\u00e3o e coordena\u00e7\u00e3o da esta\u00e7\u00e3o experimental, ajudando no desenvolvimento das atividades de ensino, pesquisa e extens\u00e3o. <\/p>\n\n\n\n<p> A esta\u00e7\u00e3o experimental conta com uma \u00e1rea <strong>de 193,1 ha<\/strong>, estruturada em mais de 30 Unidades de Ensino, Pesquisa e Extens\u00e3o (<strong>UNEPEs<\/strong>). Estas UNEPEs oportunizam o dinamismo nas aulas pr\u00e1ticas, atividades de pesquisa e pr\u00e1ticas agron\u00f4micas, zoot\u00e9cnicas e florestais, com possibilidade de utiliza\u00e7\u00e3o por todos os outros cursos e comunidade.  <\/p>\n<\/div>\n\n\n\n<div class=\"wp-block-column\" style=\"flex-basis:33.33%\">\n<figure class=\"wp-block-image size-full\"><img loading=\"lazy\" width=\"300\" height=\"300\" src=\"https:\/\/localhost\/site\/wp-content\/uploads\/2022\/06\/1-1.png\" alt=\"\" class=\"wp-image-789\" srcset=\"https:\/\/dirgrad.dv.utfpr.edu.br\/site\/wp-content\/uploads\/2022\/06\/1-1.png 300w, https:\/\/dirgrad.dv.utfpr.edu.br\/site\/wp-content\/uploads\/2022\/06\/1-1-150x150.png 150w, https:\/\/dirgrad.dv.utfpr.edu.br\/site\/wp-content\/uploads\/2022\/06\/1-1-70x70.png 70w, https:\/\/dirgrad.dv.utfpr.edu.br\/site\/wp-content\/uploads\/2022\/06\/1-1-246x246.png 246w, https:\/\/dirgrad.dv.utfpr.edu.br\/site\/wp-content\/uploads\/2022\/06\/1-1-276x276.png 276w, https:\/\/dirgrad.dv.utfpr.edu.br\/site\/wp-content\/uploads\/2022\/06\/1-1-125x125.png 125w\" sizes=\"(max-width: 300px) 100vw, 300px\" \/><\/figure>\n<\/div>\n<\/div>\n\n\n\n<p>Em s\u00edntese, \u00e9 uma estrutura muito din\u00e2mica, pois se trabalha com seres vivos (plantas e animais) que dependem de cuidados constantes. A proposta \u00e9 que a Fazenda Experimental traga modelos de produ\u00e7\u00e3o e pr\u00e1ticas agropecu\u00e1rias que s\u00e3o pass\u00edveis de serem visitadas e tidas como exemplo para agricultores, t\u00e9cnicos e outras esta\u00e7\u00f5es experimentais. Al\u00e9m disso, trazer e desenvolver tecnologias nos ramos da Agronomia, Zootecnia e Engenharia Florestal. Fato que tem atra\u00eddo visitas de t\u00e9cnicos, produtores, empresas, acad\u00eamicos de outras universidades (nacionais e internacionais), professores de outros pa\u00edses. <\/p>\n\n\n\n<p>A seguir apresentamos uma lista de todas as UNEPES que o campus Dois Vizinhos coloca \u00e0 disposi\u00e7\u00e3o da comunidade acad\u00eamica para atividades de Ensino, Pesquisa e Extens\u00e3o.<\/p>\n\n\n\n<ol><li><span style=\"color: initial;\">Abatedouro e Sanidade Animal<\/span><\/li><li>Agroind\u00fastria<\/li><li>Apicultura <\/li><li>Avicultura de Corte<\/li><li>Avicultura de Postura<\/li><li>Bovinocultura de Corte<\/li><li>Bovinocultura de Leite<\/li><li>Coturnicultura e outras aves dom\u00e9sticas<\/li><li>Culturas Anuais<\/li><li>Cunicultura<\/li><li>Equinocultura<\/li><li>F\u00e1brica de Ra\u00e7\u00f5es<\/li><li>Floresta Nativa (Trilha Ecol\u00f3gica)<\/li><li>Forragicultura<\/li><li>Fruticultura<\/li><li>Gest\u00e3o de Res\u00edduos S\u00f3lidos<\/li><li>Jardim<\/li><li>Mecaniza\u00e7\u00e3o Agr\u00edcola e Florestal<\/li><li>Olericultura\/Horta Medicinal<\/li><li>Org\u00e2nica<\/li><li>Ovinocaprinocultura<\/li><li>Piscicultura<\/li><li>Povoamentos Florestais<\/li><li>Processamento e Produtos Florestais<\/li><li>Recep\u00e7\u00e3o e Secagem<\/li><li>Restaura\u00e7\u00e3o Ecol\u00f3gica<\/li><li>Sistemas Agroflorestais<\/li><li>Solos<\/li><li>Suinocultura<\/li><li>Viveiro de Plantas Hort\u00edcolas<\/li><li>Viveiro Florestal <\/li><\/ol>\n\n\n\n<p><strong>Quer saber mais sobre as unidades de ensino, pesquisa e extens\u00e3o? Entre em contato com coexp-dv@utfpr.edu.br<\/strong><\/p>\n","protected":false},"excerpt":{"rendered":"<p>A Esta\u00e7\u00e3o Experimental da UTFPR\/DV \u00e9 um grande diferencial para forma\u00e7\u00e3o de recursos humanos nas \u00e1reas das ci\u00eancias agr\u00e1rias por &hellip; <\/p>\n","protected":false},"author":3,"featured_media":0,"parent":0,"menu_order":0,"comment_status":"closed","ping_status":"closed","template":"","meta":[],"_links":{"self":[{"href":"https:\/\/dirgrad.dv.utfpr.edu.br\/site\/wp-json\/wp\/v2\/pages\/599"}],"collection":[{"href":"https:\/\/dirgrad.dv.utfpr.edu.br\/site\/wp-json\/wp\/v2\/pages"}],"about":[{"href":"https:\/\/dirgrad.dv.utfpr.edu.br\/site\/wp-json\/wp\/v2\/types\/page"}],"author":[{"embeddable":true,"href":"https:\/\/dirgrad.dv.utfpr.edu.br\/site\/wp-json\/wp\/v2\/users\/3"}],"replies":[{"embeddable":true,"href":"https:\/\/dirgrad.dv.utfpr.edu.br\/site\/wp-json\/wp\/v2\/comments?post=599"}],"version-history":[{"count":13,"href":"https:\/\/dirgrad.dv.utfpr.edu.br\/site\/wp-json\/wp\/v2\/pages\/599\/revisions"}],"predecessor-version":[{"id":1208,"href":"https:\/\/dirgrad.dv.utfpr.edu.br\/site\/wp-json\/wp\/v2\/pages\/599\/revisions\/1208"}],"wp:attachment":[{"href":"https:\/\/dirgrad.dv.utfpr.edu.br\/site\/wp-json\/wp\/v2\/media?parent=599"}],"curies":[{"name":"wp","href":"https:\/\/api.w.org\/{rel}","templated":true}]}}