{"id":1978,"date":"2024-05-08T10:22:54","date_gmt":"2024-05-08T13:22:54","guid":{"rendered":"https:\/\/dirgrad.dv.utfpr.edu.br\/site\/?page_id=1978"},"modified":"2024-05-08T10:22:54","modified_gmt":"2024-05-08T13:22:54","slug":"protocolo-de-atendimento-de-urgencia-e-emergencia-em-saude","status":"publish","type":"page","link":"https:\/\/dirgrad.dv.utfpr.edu.br\/site\/protocolo-de-atendimento-de-urgencia-e-emergencia-em-saude\/","title":{"rendered":"Protocolo de Atendimento de Urg\u00eancia e Emerg\u00eancia em Sa\u00fade"},"content":{"rendered":"\n<div class=\"wp-block-file\"><object class=\"wp-block-file__embed\" data=\"https:\/\/dirgrad.dv.utfpr.edu.br\/site\/wp-content\/uploads\/2024\/05\/protocolo-urgencia-emergencia.pdf\" type=\"application\/pdf\" style=\"width:100%;height:600px\" aria-label=\"Incorporado de protocolo-urgencia-emergencia.\"><\/object><a href=\"https:\/\/dirgrad.dv.utfpr.edu.br\/site\/wp-content\/uploads\/2024\/05\/protocolo-urgencia-emergencia.pdf\">protocolo-urgencia-emergencia<\/a><a href=\"https:\/\/dirgrad.dv.utfpr.edu.br\/site\/wp-content\/uploads\/2024\/05\/protocolo-urgencia-emergencia.pdf\" class=\"wp-block-file__button\" download>Baixar<\/a><\/div>\n","protected":false},"excerpt":{"rendered":"","protected":false},"author":8,"featured_media":0,"parent":0,"menu_order":0,"comment_status":"closed","ping_status":"closed","template":"","meta":[],"_links":{"self":[{"href":"https:\/\/dirgrad.dv.utfpr.edu.br\/site\/wp-json\/wp\/v2\/pages\/1978"}],"collection":[{"href":"https:\/\/dirgrad.dv.utfpr.edu.br\/site\/wp-json\/wp\/v2\/pages"}],"about":[{"href":"https:\/\/dirgrad.dv.utfpr.edu.br\/site\/wp-json\/wp\/v2\/types\/page"}],"author":[{"embeddable":true,"href":"https:\/\/dirgrad.dv.utfpr.edu.br\/site\/wp-json\/wp\/v2\/users\/8"}],"replies":[{"embeddable":true,"href":"https:\/\/dirgrad.dv.utfpr.edu.br\/site\/wp-json\/wp\/v2\/comments?post=1978"}],"version-history":[{"count":1,"href":"https:\/\/dirgrad.dv.utfpr.edu.br\/site\/wp-json\/wp\/v2\/pages\/1978\/revisions"}],"predecessor-version":[{"id":1980,"href":"https:\/\/dirgrad.dv.utfpr.edu.br\/site\/wp-json\/wp\/v2\/pages\/1978\/revisions\/1980"}],"wp:attachment":[{"href":"https:\/\/dirgrad.dv.utfpr.edu.br\/site\/wp-json\/wp\/v2\/media?parent=1978"}],"curies":[{"name":"wp","href":"https:\/\/api.w.org\/{rel}","templated":true}]}}