{"id":1869,"date":"2024-02-27T09:02:32","date_gmt":"2024-02-27T12:02:32","guid":{"rendered":"https:\/\/dirgrad.dv.utfpr.edu.br\/site\/?page_id=1869"},"modified":"2024-02-27T09:02:32","modified_gmt":"2024-02-27T12:02:32","slug":"autodescricao-e-descricao-visual-de-imagens","status":"publish","type":"page","link":"https:\/\/dirgrad.dv.utfpr.edu.br\/site\/autodescricao-e-descricao-visual-de-imagens\/","title":{"rendered":"Autodescri\u00e7\u00e3o e Descri\u00e7\u00e3o Visual de Imagens"},"content":{"rendered":"\n<div class=\"wp-block-file\"><object class=\"wp-block-file__embed\" data=\"https:\/\/dirgrad.dv.utfpr.edu.br\/site\/wp-content\/uploads\/2024\/02\/Descricao-Visual-2024.pdf\" type=\"application\/pdf\" style=\"width:100%;height:600px\" aria-label=\"Incorporado de Autodescricao-Descricao-Visual-2024.\"><\/object><a href=\"https:\/\/dirgrad.dv.utfpr.edu.br\/site\/wp-content\/uploads\/2024\/02\/Descricao-Visual-2024.pdf\">Autodescricao-Descricao-Visual-2024<\/a><a href=\"https:\/\/dirgrad.dv.utfpr.edu.br\/site\/wp-content\/uploads\/2024\/02\/Descricao-Visual-2024.pdf\" class=\"wp-block-file__button\" download>Baixar<\/a><\/div>\n","protected":false},"excerpt":{"rendered":"","protected":false},"author":8,"featured_media":0,"parent":0,"menu_order":0,"comment_status":"closed","ping_status":"closed","template":"","meta":[],"_links":{"self":[{"href":"https:\/\/dirgrad.dv.utfpr.edu.br\/site\/wp-json\/wp\/v2\/pages\/1869"}],"collection":[{"href":"https:\/\/dirgrad.dv.utfpr.edu.br\/site\/wp-json\/wp\/v2\/pages"}],"about":[{"href":"https:\/\/dirgrad.dv.utfpr.edu.br\/site\/wp-json\/wp\/v2\/types\/page"}],"author":[{"embeddable":true,"href":"https:\/\/dirgrad.dv.utfpr.edu.br\/site\/wp-json\/wp\/v2\/users\/8"}],"replies":[{"embeddable":true,"href":"https:\/\/dirgrad.dv.utfpr.edu.br\/site\/wp-json\/wp\/v2\/comments?post=1869"}],"version-history":[{"count":1,"href":"https:\/\/dirgrad.dv.utfpr.edu.br\/site\/wp-json\/wp\/v2\/pages\/1869\/revisions"}],"predecessor-version":[{"id":1870,"href":"https:\/\/dirgrad.dv.utfpr.edu.br\/site\/wp-json\/wp\/v2\/pages\/1869\/revisions\/1870"}],"wp:attachment":[{"href":"https:\/\/dirgrad.dv.utfpr.edu.br\/site\/wp-json\/wp\/v2\/media?parent=1869"}],"curies":[{"name":"wp","href":"https:\/\/api.w.org\/{rel}","templated":true}]}}