{"id":1014,"date":"2022-08-19T17:05:38","date_gmt":"2022-08-19T20:05:38","guid":{"rendered":"https:\/\/dirgrad.dv.utfpr.edu.br\/site\/?page_id=1014"},"modified":"2022-08-29T15:06:16","modified_gmt":"2022-08-29T18:06:16","slug":"oportunidades","status":"publish","type":"page","link":"https:\/\/dirgrad.dv.utfpr.edu.br\/site\/oportunidades\/","title":{"rendered":"Oportunidades"},"content":{"rendered":"\n<h2 id=\"pae\"><strong>Programa de assist\u00eancia estudantil (PAE) <\/strong><\/h2>\n\n\n\n<div class=\"wp-block-columns\">\n<div class=\"wp-block-column\" style=\"flex-basis:100%\">\n<p>O Programa de Assist\u00eancia Estudantil tem a finalidade de selecionar estudantes da UTFPR, em situa\u00e7\u00e3o de vulnerabilidade socioecon\u00f4mica, para a distribui\u00e7\u00e3o dos aux\u00edlios nas modalidades: b\u00e1sico, moradia e alimenta\u00e7\u00e3o. \u00c9 necess\u00e1rio comprovar renda per capita de at\u00e9 1,5 sal\u00e1rio-m\u00ednimo e apresentar a documenta\u00e7\u00e3o conforme solicitam o Regulamento e o Edital do Programa.<\/p>\n<\/div>\n<\/div>\n\n\n\n<p>Mais informa\u00e7\u00f5es:<\/p>\n\n\n\n<p><a href=\"https:\/\/portal.utfpr.edu.br\/servidores\/login\/assessoria-estudantil\">https:\/\/portal.utfpr.edu.br\/servidores\/login\/assessoria-estudantil<\/a>&nbsp; ou nuape-dv@utfpr.edu.br<\/p>\n\n\n\n<div class=\"wp-block-columns\">\n<div class=\"wp-block-column\" style=\"flex-basis:66.66%\">\n<h2 id=\"apoio-ensino\">Projetos de Apoio ao Ensino<\/h2>\n\n\n\n<p>Os editais de apoio ao ensino abrem uma vez ao ano e neles voc\u00ea tem oportunidade de conseguir uma bolsa (R$ 500) para desenvolver, junto de um professor, projetos desenvolvimento acade\u0302mico dos estudantes, assim como ao apoio, inovac\u0327a\u0303o e melhoria dos processos de ensino e<br>aprendizagem.<\/p>\n<\/div>\n\n\n\n<div class=\"wp-block-column\" style=\"flex-basis:33.33%\">\n<figure class=\"wp-block-image size-large is-resized\"><img loading=\"lazy\" src=\"https:\/\/dirgrad.dv.utfpr.edu.br\/site\/wp-content\/uploads\/2022\/08\/monitoria_apoio-edited.png\" alt=\"\" class=\"wp-image-1106\" width=\"264\" height=\"264\" srcset=\"https:\/\/dirgrad.dv.utfpr.edu.br\/site\/wp-content\/uploads\/2022\/08\/monitoria_apoio-edited.png 512w, https:\/\/dirgrad.dv.utfpr.edu.br\/site\/wp-content\/uploads\/2022\/08\/monitoria_apoio-edited-300x300.png 300w, https:\/\/dirgrad.dv.utfpr.edu.br\/site\/wp-content\/uploads\/2022\/08\/monitoria_apoio-edited-150x150.png 150w, https:\/\/dirgrad.dv.utfpr.edu.br\/site\/wp-content\/uploads\/2022\/08\/monitoria_apoio-edited-70x70.png 70w, https:\/\/dirgrad.dv.utfpr.edu.br\/site\/wp-content\/uploads\/2022\/08\/monitoria_apoio-edited-246x246.png 246w, https:\/\/dirgrad.dv.utfpr.edu.br\/site\/wp-content\/uploads\/2022\/08\/monitoria_apoio-edited-276x276.png 276w, https:\/\/dirgrad.dv.utfpr.edu.br\/site\/wp-content\/uploads\/2022\/08\/monitoria_apoio-edited-125x125.png 125w\" sizes=\"(max-width: 264px) 100vw, 264px\" \/><\/figure>\n<\/div>\n<\/div>\n\n\n\n<h2 id=\"protagonismo\"><strong>Programa de Protagonismo Estudantil <\/strong><\/h2>\n\n\n\n<p>O Protagonismo Estudantil tem a finalidade de selecionar estudantes dos cursos de gradua\u00e7\u00e3o e p\u00f3s-gradua\u00e7\u00e3o stricto sensu da UTFPR, que estejam cursando regularmente no m\u00ednimo uma disciplina, para bolsas de Protagonismo Estudantil, mediante a submiss\u00e3o de projeto atinente ao desenvolvimento de novas pr\u00e1ticas que contribuam para uma cultura de engajamento e proatividade dos(as) estudantes dentro da UTFPR. Estudantes ingressantes\/calouros tamb\u00e9m podem concorrer.<\/p>\n\n\n\n<p>Mais Informa\u00e7\u00f5es:<\/p>\n\n\n\n<p><a href=\"https:\/\/portal.utfpr.edu.br\/servidores\/login\/assessoria-estudantil\">https:\/\/portal.utfpr.edu.br\/servidores\/login\/assessoria-estudantil<\/a> ou nuape-dv@utfpr.edu.br<\/p>\n\n\n\n<div class=\"wp-block-columns\">\n<div class=\"wp-block-column\" style=\"flex-basis:33.33%\">\n<figure class=\"wp-block-image size-large\"><img loading=\"lazy\" width=\"512\" height=\"512\" src=\"https:\/\/dirgrad.dv.utfpr.edu.br\/site\/wp-content\/uploads\/2022\/08\/lingua_estrangeira-edited.png\" alt=\"\" class=\"wp-image-1107\" srcset=\"https:\/\/dirgrad.dv.utfpr.edu.br\/site\/wp-content\/uploads\/2022\/08\/lingua_estrangeira-edited.png 512w, https:\/\/dirgrad.dv.utfpr.edu.br\/site\/wp-content\/uploads\/2022\/08\/lingua_estrangeira-edited-300x300.png 300w, https:\/\/dirgrad.dv.utfpr.edu.br\/site\/wp-content\/uploads\/2022\/08\/lingua_estrangeira-edited-150x150.png 150w, https:\/\/dirgrad.dv.utfpr.edu.br\/site\/wp-content\/uploads\/2022\/08\/lingua_estrangeira-edited-70x70.png 70w, https:\/\/dirgrad.dv.utfpr.edu.br\/site\/wp-content\/uploads\/2022\/08\/lingua_estrangeira-edited-246x246.png 246w, https:\/\/dirgrad.dv.utfpr.edu.br\/site\/wp-content\/uploads\/2022\/08\/lingua_estrangeira-edited-276x276.png 276w, https:\/\/dirgrad.dv.utfpr.edu.br\/site\/wp-content\/uploads\/2022\/08\/lingua_estrangeira-edited-125x125.png 125w\" sizes=\"(max-width: 512px) 100vw, 512px\" \/><\/figure>\n<\/div>\n\n\n\n<div class=\"wp-block-column\" style=\"flex-basis:66.66%\">\n<h2 id=\"lingua-estrangeira\">Cursos de L\u00edngua Estrangeira<\/h2>\n\n\n\n<p>No campus temos o Centro Acad\u00eamico de L\u00ednguas Estrangeiras Modernas. No CALEM voc\u00ea pode fazer cursos de ingl\u00eas, espanhol e alem\u00e3o, conforme disponibilidade. H\u00e1 ainda a oferta de exames de profici\u00eancia.<\/p>\n\n\n\n<h2 id=\"apoio-tcc\">Apoio ao TCC<\/h2>\n\n\n\n<p>Apoiamos financeiramente propostas de Trabalho de Conclus\u00e3o de Curso. O recurso, atualmente de R$ 1.000, pode ser usados para compra de materiais, pagamento de viagens ou ainda para subsist\u00eancia do aluno durante o desevolvimento do projeto.<\/p>\n<\/div>\n<\/div>\n\n\n\n<h2 id=\"participacao-eventos\"><strong>Programa de Aux\u00edlio a Participa\u00e7\u00e3o em Eventos<\/strong><\/h2>\n\n\n\n<p>O Aux\u00edlio \u00e0 Participa\u00e7\u00e3o de Discente em Eventos visa disponibilizar aux\u00edlio aos estudantes para participa\u00e7\u00e3o em eventos t\u00e9cnico-cient\u00edficos, olimp\u00edadas de conhecimento, empresas juniores, eventos culturais, esportivos, art\u00edsticos, concursos \/competi\u00e7\u00f5es e extracurriculares, relacionados \u00e0s \u00e1reas de forma\u00e7\u00e3o dos seus respectivos cursos, de \u00e2mbito nacional e internacional, exclusivamente para pagamento da inscri\u00e7\u00e3o.<\/p>\n\n\n\n<p>Mais Informa\u00e7\u00f5es:<\/p>\n\n\n\n<p><a rel=\"noreferrer noopener\" href=\"https:\/\/portal.utfpr.edu.br\/servidores\/login\/assessoria-estudantil\" target=\"_blank\">https:\/\/portal.utfpr.edu.br\/servidores\/login\/assessoria-estudantil<\/a> ou nuape-dv@utfpr.edu.br<\/p>\n\n\n\n<div class=\"wp-block-columns\">\n<div class=\"wp-block-column\" style=\"flex-basis:33.33%\">\n<figure class=\"wp-block-image size-large\"><img loading=\"lazy\" width=\"512\" height=\"513\" src=\"https:\/\/dirgrad.dv.utfpr.edu.br\/site\/wp-content\/uploads\/2022\/08\/residencia-edited.png\" alt=\"\" class=\"wp-image-1109\" srcset=\"https:\/\/dirgrad.dv.utfpr.edu.br\/site\/wp-content\/uploads\/2022\/08\/residencia-edited.png 512w, https:\/\/dirgrad.dv.utfpr.edu.br\/site\/wp-content\/uploads\/2022\/08\/residencia-edited-300x300.png 300w, https:\/\/dirgrad.dv.utfpr.edu.br\/site\/wp-content\/uploads\/2022\/08\/residencia-edited-150x150.png 150w, https:\/\/dirgrad.dv.utfpr.edu.br\/site\/wp-content\/uploads\/2022\/08\/residencia-edited-70x70.png 70w, https:\/\/dirgrad.dv.utfpr.edu.br\/site\/wp-content\/uploads\/2022\/08\/residencia-edited-246x246.png 246w, https:\/\/dirgrad.dv.utfpr.edu.br\/site\/wp-content\/uploads\/2022\/08\/residencia-edited-276x276.png 276w, https:\/\/dirgrad.dv.utfpr.edu.br\/site\/wp-content\/uploads\/2022\/08\/residencia-edited-125x125.png 125w\" sizes=\"(max-width: 512px) 100vw, 512px\" \/><\/figure>\n<\/div>\n\n\n\n<div class=\"wp-block-column\" style=\"flex-basis:66.66%\">\n<h2 id=\"monitoria\"><strong>Programa de Monitoria<\/strong><\/h2>\n\n\n\n<p>Enquanto calouro e nos primeiros semestres o estudante contar\u00e1 com o aux\u00edlio de alguns estudantes veteranos que estar\u00e3o \u00e0 disposi\u00e7\u00e3o em hor\u00e1rios, dias e locais determinados para tirar d\u00favidas em v\u00e1rias disciplinas. A partir do segundo semestre, o estudante tamb\u00e9m pode se candidatar e ser um estudante monitor.<\/p>\n\n\n\n<p>Mais Informa\u00e7\u00f5es: <a href=\"mailto:nuens-dv@utfpr.edu.br\">nuens-dv@utfpr.edu.br<\/a><\/p>\n\n\n\n<p>Os hor\u00e1rios de atendimento dos monitores est\u00e3o dispon\u00edveis no Portal do Aluno, l\u00e1 voc\u00ea tem acesso \u00e0 rela\u00e7\u00e3o completa de monitores, de todos os campi.<br>Acesse: <a href=\"http:\/\/www.utfpr.edu.br\/alunos\/portal-do-aluno\" data-type=\"URL\" data-id=\"http:\/\/www.utfpr.edu.br\/alunos\/portal-do-aluno\" target=\"_blank\" rel=\"noreferrer noopener\">http:\/\/www.utfpr.edu.br\/alunos\/portal-do-aluno<\/a><\/p>\n<\/div>\n<\/div>\n\n\n\n<h2 id=\"apoio-docente\"><strong>Programa de Apoio ao Docente<\/strong><\/h2>\n\n\n\n<p>Estudantes a partir do segundo semestre tamb\u00e9m podem participar do Programa de Apoio ao Docente, para auxiliar os docentes em tarefas did\u00e1ticas, compat\u00edveis com o seu grau de conhecimento relacionadas a planejamento e elabora\u00e7\u00e3o de material did\u00e1tico e execu\u00e7\u00e3o de a\u00e7\u00f5es de ensino.<\/p>\n\n\n\n<p>Mais Informa\u00e7\u00f5es: <a href=\"mailto:nuens-dv@utfpr.edu.br\">nuens-dv@utfpr.edu.br<\/a><\/p>\n\n\n\n<div class=\"wp-block-columns\">\n<div class=\"wp-block-column\" style=\"flex-basis:66.66%\">\n<h2 id=\"dupla-diplomacao\">Dupla Diploma\u00e7\u00e3o<\/h2>\n\n\n\n<p>Todos os cursos do campus possuem acordos de dupla diploma\u00e7\u00e3o. Cumprindo todas as etapas do acordo, o aluno receber\u00e1 o diploma da UTFPR e da institui\u00e7\u00e3o estrangeira. Possu\u00edmos acordos com Portugal, Fran\u00e7a e Argentina.<\/p>\n\n\n\n<h2 id=\"pet\">Programa de Ensino Tutorial (PET)<\/h2>\n\n\n\n<p>S\u00e3o grupos de alunos orientados por um tutor e que desenvolvem atividades de ensino, pesquisa e extens\u00e3o. H\u00e1 vagas para bolsistas (R$ 400) e volunt\u00e1rios. No campus h\u00e1 cinco grupos: PET Eng. Florestal, PET Zootecnia, PET <br>Produ\u00e7\u00e3o Leiteira, PET Agricultura Familiar e Grupo Tutorial de Bioprocessos e Biotecnologia<\/p>\n<\/div>\n\n\n\n<div class=\"wp-block-column\" style=\"flex-basis:33.33%\">\n<figure class=\"wp-block-image size-large is-resized\"><img loading=\"lazy\" src=\"https:\/\/dirgrad.dv.utfpr.edu.br\/site\/wp-content\/uploads\/2022\/08\/dupla_diplomacao-edited.png\" alt=\"\" class=\"wp-image-1108\" width=\"336\" height=\"336\" srcset=\"https:\/\/dirgrad.dv.utfpr.edu.br\/site\/wp-content\/uploads\/2022\/08\/dupla_diplomacao-edited.png 512w, https:\/\/dirgrad.dv.utfpr.edu.br\/site\/wp-content\/uploads\/2022\/08\/dupla_diplomacao-edited-300x300.png 300w, https:\/\/dirgrad.dv.utfpr.edu.br\/site\/wp-content\/uploads\/2022\/08\/dupla_diplomacao-edited-150x150.png 150w, https:\/\/dirgrad.dv.utfpr.edu.br\/site\/wp-content\/uploads\/2022\/08\/dupla_diplomacao-edited-70x70.png 70w, https:\/\/dirgrad.dv.utfpr.edu.br\/site\/wp-content\/uploads\/2022\/08\/dupla_diplomacao-edited-246x246.png 246w, https:\/\/dirgrad.dv.utfpr.edu.br\/site\/wp-content\/uploads\/2022\/08\/dupla_diplomacao-edited-276x276.png 276w, https:\/\/dirgrad.dv.utfpr.edu.br\/site\/wp-content\/uploads\/2022\/08\/dupla_diplomacao-edited-125x125.png 125w\" sizes=\"(max-width: 336px) 100vw, 336px\" \/><\/figure>\n<\/div>\n<\/div>\n\n\n\n<h2 id=\"residencia\">Resid\u00eancia Pedag\u00f3gica<\/h2>\n\n\n\n<p>Implementa projetos inovadores que estimulem articula\u00e7\u00e3o entre teoria e pr\u00e1tica nos cursos de licenciatura, conduzidos em parceria com as redes p\u00fablicas de educa\u00e7\u00e3o b\u00e1sica. Concede bolsas (R$ 400) \u00e0 alunos de cursos de licenciatura.<\/p>\n\n\n\n<h2 id=\"iniciacao-docencia\">Bolsas de Inicia\u00e7\u00e3o \u00e0 Doc\u00eancia<\/h2>\n\n\n\n<p>Proporciona aos discentes, na primeira metade do curso de licenciatura, uma aproxima\u00e7\u00e3o pr\u00e1tica com o cotidiano das escolas p\u00fablicas de educa\u00e7\u00e3o b\u00e1sica por meio da oferta de bolsas (R$ 400) para o desenvolvimento de projetos\/est\u00e1gios.<\/p>\n","protected":false},"excerpt":{"rendered":"<p>Programa de assist\u00eancia estudantil (PAE) O Programa de Assist\u00eancia Estudantil tem a finalidade de selecionar estudantes da UTFPR, em situa\u00e7\u00e3o &hellip; <\/p>\n","protected":false},"author":3,"featured_media":0,"parent":0,"menu_order":0,"comment_status":"closed","ping_status":"closed","template":"","meta":[],"_links":{"self":[{"href":"https:\/\/dirgrad.dv.utfpr.edu.br\/site\/wp-json\/wp\/v2\/pages\/1014"}],"collection":[{"href":"https:\/\/dirgrad.dv.utfpr.edu.br\/site\/wp-json\/wp\/v2\/pages"}],"about":[{"href":"https:\/\/dirgrad.dv.utfpr.edu.br\/site\/wp-json\/wp\/v2\/types\/page"}],"author":[{"embeddable":true,"href":"https:\/\/dirgrad.dv.utfpr.edu.br\/site\/wp-json\/wp\/v2\/users\/3"}],"replies":[{"embeddable":true,"href":"https:\/\/dirgrad.dv.utfpr.edu.br\/site\/wp-json\/wp\/v2\/comments?post=1014"}],"version-history":[{"count":9,"href":"https:\/\/dirgrad.dv.utfpr.edu.br\/site\/wp-json\/wp\/v2\/pages\/1014\/revisions"}],"predecessor-version":[{"id":1119,"href":"https:\/\/dirgrad.dv.utfpr.edu.br\/site\/wp-json\/wp\/v2\/pages\/1014\/revisions\/1119"}],"wp:attachment":[{"href":"https:\/\/dirgrad.dv.utfpr.edu.br\/site\/wp-json\/wp\/v2\/media?parent=1014"}],"curies":[{"name":"wp","href":"https:\/\/api.w.org\/{rel}","templated":true}]}}